{"id":1247,"date":"2022-07-07T12:56:58","date_gmt":"2022-07-07T10:56:58","guid":{"rendered":"https:\/\/inspirare.fr\/?page_id=1247"},"modified":"2022-07-07T12:58:44","modified_gmt":"2022-07-07T10:58:44","slug":"galerie-inspirare","status":"publish","type":"page","link":"https:\/\/inspirare.fr\/index.php\/galerie-inspirare\/","title":{"rendered":"Galerie INSPIRARE"},"content":{"rendered":"\t\t<div data-elementor-type=\"wp-page\" data-elementor-id=\"1247\" class=\"elementor elementor-1247\">\n\t\t\t\t\t\t\t\t\t<section class=\"elementor-section elementor-top-section elementor-element elementor-element-817dd6f elementor-section-full_width elementor-section-stretched elementor-section-height-default elementor-section-height-default\" data-id=\"817dd6f\" data-element_type=\"section\" data-settings=\"{&quot;stretch_section&quot;:&quot;section-stretched&quot;}\">\n\t\t\t\t\t\t\t<div class=\"elementor-background-overlay\"><\/div>\n\t\t\t\t\t\t\t<div class=\"elementor-container elementor-column-gap-default\">\n\t\t\t\t\t<div class=\"elementor-column elementor-col-100 elementor-top-column elementor-element elementor-element-d177951\" data-id=\"d177951\" data-element_type=\"column\">\n\t\t\t<div class=\"elementor-widget-wrap elementor-element-populated\">\n\t\t\t\t\t\t\t\t<section class=\"elementor-section elementor-inner-section elementor-element elementor-element-b35655e elementor-section-boxed elementor-section-height-default elementor-section-height-default\" data-id=\"b35655e\" data-element_type=\"section\">\n\t\t\t\t\t\t<div class=\"elementor-container elementor-column-gap-default\">\n\t\t\t\t\t<div class=\"elementor-column elementor-col-50 elementor-inner-column elementor-element elementor-element-6eee0f8\" data-id=\"6eee0f8\" data-element_type=\"column\">\n\t\t\t<div class=\"elementor-widget-wrap elementor-element-populated\">\n\t\t\t\t\t\t\t\t<div class=\"elementor-element elementor-element-f1e326b elementor-widget elementor-widget-heading\" data-id=\"f1e326b\" data-element_type=\"widget\" data-widget_type=\"heading.default\">\n\t\t\t\t<div class=\"elementor-widget-container\">\n\t\t\t<style>\/*! elementor - v3.6.7 - 03-07-2022 *\/\n.elementor-heading-title{padding:0;margin:0;line-height:1}.elementor-widget-heading .elementor-heading-title[class*=elementor-size-]>a{color:inherit;font-size:inherit;line-height:inherit}.elementor-widget-heading .elementor-heading-title.elementor-size-small{font-size:15px}.elementor-widget-heading .elementor-heading-title.elementor-size-medium{font-size:19px}.elementor-widget-heading .elementor-heading-title.elementor-size-large{font-size:29px}.elementor-widget-heading .elementor-heading-title.elementor-size-xl{font-size:39px}.elementor-widget-heading .elementor-heading-title.elementor-size-xxl{font-size:59px}<\/style><h2 class=\"elementor-heading-title elementor-size-default\">Galerie photos s\u00e9jours sportifs INSPIRARE<\/h2>\t\t<\/div>\n\t\t\t\t<\/div>\n\t\t\t\t\t<\/div>\n\t\t<\/div>\n\t\t\t\t<div class=\"elementor-column elementor-col-50 elementor-inner-column elementor-element elementor-element-ede0965\" data-id=\"ede0965\" data-element_type=\"column\">\n\t\t\t<div class=\"elementor-widget-wrap elementor-element-populated\">\n\t\t\t\t\t\t\t\t<div class=\"elementor-element elementor-element-7a980ef elementor-widget elementor-widget-image\" data-id=\"7a980ef\" data-element_type=\"widget\" data-widget_type=\"image.default\">\n\t\t\t\t<div class=\"elementor-widget-container\">\n\t\t\t<style>\/*! elementor - v3.6.7 - 03-07-2022 *\/\n.elementor-widget-image{text-align:center}.elementor-widget-image a{display:inline-block}.elementor-widget-image a img[src$=\".svg\"]{width:48px}.elementor-widget-image img{vertical-align:middle;display:inline-block}<\/style>\t\t\t\t\t\t\t\t\t\t\t\t<img loading=\"lazy\" decoding=\"async\" width=\"768\" height=\"1024\" src=\"https:\/\/inspirare.fr\/wp-content\/uploads\/2022\/07\/IMG_4529-redim-768x1024.jpg\" class=\"attachment-large size-large\" alt=\"\" srcset=\"https:\/\/inspirare.fr\/wp-content\/uploads\/2022\/07\/IMG_4529-redim-768x1024.jpg 768w, https:\/\/inspirare.fr\/wp-content\/uploads\/2022\/07\/IMG_4529-redim-225x300.jpg 225w, https:\/\/inspirare.fr\/wp-content\/uploads\/2022\/07\/IMG_4529-redim.jpg 1067w\" sizes=\"auto, 100vw\" \/>\t\t\t\t\t\t\t\t\t\t\t\t\t\t\t<\/div>\n\t\t\t\t<\/div>\n\t\t\t\t\t<\/div>\n\t\t<\/div>\n\t\t\t\t\t\t\t<\/div>\n\t\t<\/section>\n\t\t\t\t\t<\/div>\n\t\t<\/div>\n\t\t\t\t\t\t\t<\/div>\n\t\t<\/section>\n\t\t\t\t<section class=\"elementor-section elementor-top-section elementor-element elementor-element-74c8c52 elementor-section-full_width elementor-section-stretched elementor-section-height-default elementor-section-height-default\" data-id=\"74c8c52\" data-element_type=\"section\" data-settings=\"{&quot;stretch_section&quot;:&quot;section-stretched&quot;}\">\n\t\t\t\t\t\t\t<div class=\"elementor-background-overlay\"><\/div>\n\t\t\t\t\t\t\t<div class=\"elementor-container elementor-column-gap-default\">\n\t\t\t\t\t<div class=\"elementor-column elementor-col-100 elementor-top-column elementor-element elementor-element-f166c58\" data-id=\"f166c58\" data-element_type=\"column\">\n\t\t\t<div class=\"elementor-widget-wrap elementor-element-populated\">\n\t\t\t\t\t\t\t\t<section class=\"elementor-section elementor-inner-section elementor-element elementor-element-2bc03d3 elementor-section-boxed elementor-section-height-default elementor-section-height-default\" data-id=\"2bc03d3\" data-element_type=\"section\">\n\t\t\t\t\t\t\t<div class=\"elementor-background-overlay\"><\/div>\n\t\t\t\t\t\t\t<div class=\"elementor-container elementor-column-gap-default\">\n\t\t\t\t\t<div class=\"elementor-column elementor-col-50 elementor-inner-column elementor-element elementor-element-7983f24\" data-id=\"7983f24\" data-element_type=\"column\">\n\t\t\t<div class=\"elementor-widget-wrap elementor-element-populated\">\n\t\t\t\t\t\t\t\t<div class=\"elementor-element elementor-element-ac78946 elementor-widget elementor-widget-image\" data-id=\"ac78946\" data-element_type=\"widget\" data-widget_type=\"image.default\">\n\t\t\t\t<div class=\"elementor-widget-container\">\n\t\t\t\t\t\t\t\t\t\t\t\t\t\t\t<img loading=\"lazy\" decoding=\"async\" width=\"1000\" height=\"640\" src=\"https:\/\/inspirare.fr\/wp-content\/uploads\/2022\/07\/retraite-sportive-marrakech-sidi-kaouki-1000x640.jpg\" class=\"attachment-inspiro-loop@2x size-inspiro-loop@2x\" alt=\"Retraite sportive au Maroc \u00e0 Marrakech et Sidi Kaouki\" sizes=\"auto, 100vw\" \/>\t\t\t\t\t\t\t\t\t\t\t\t\t\t\t<\/div>\n\t\t\t\t<\/div>\n\t\t\t\t<div class=\"elementor-element elementor-element-9d9b7ea elementor-widget elementor-widget-heading\" data-id=\"9d9b7ea\" data-element_type=\"widget\" data-widget_type=\"heading.default\">\n\t\t\t\t<div class=\"elementor-widget-container\">\n\t\t\t<h2 class=\"elementor-heading-title elementor-size-default\"><a href=\"https:\/\/inspirare.fr\/index.php\/galerie-sejour-sportif-maroc-juin-2022\/\">Marrakech - Sidi Kaouki<\/a><\/h2>\t\t<\/div>\n\t\t\t\t<\/div>\n\t\t\t\t\t<\/div>\n\t\t<\/div>\n\t\t\t\t<div class=\"elementor-column elementor-col-50 elementor-inner-column elementor-element elementor-element-d6fe5b8\" data-id=\"d6fe5b8\" data-element_type=\"column\">\n\t\t\t<div class=\"elementor-widget-wrap elementor-element-populated\">\n\t\t\t\t\t\t\t\t<div class=\"elementor-element elementor-element-9541501 elementor-widget elementor-widget-heading\" data-id=\"9541501\" data-element_type=\"widget\" data-widget_type=\"heading.default\">\n\t\t\t\t<div class=\"elementor-widget-container\">\n\t\t\t<p class=\"elementor-heading-title elementor-size-default\">JUIN 2022<\/p>\t\t<\/div>\n\t\t\t\t<\/div>\n\t\t\t\t\t<\/div>\n\t\t<\/div>\n\t\t\t\t\t\t\t<\/div>\n\t\t<\/section>\n\t\t\t\t\t<\/div>\n\t\t<\/div>\n\t\t\t\t\t\t\t<\/div>\n\t\t<\/section>\n\t\t\t\t\t\t\t<\/div>\n\t\t","protected":false},"excerpt":{"rendered":"<p>Galerie photos s\u00e9jours sportifs INSPIRARE Marrakech &#8211; Sidi Kaouki JUIN 2022<\/p>\n","protected":false},"author":2,"featured_media":0,"parent":0,"menu_order":0,"comment_status":"closed","ping_status":"closed","template":"","meta":{"footnotes":""},"class_list":["post-1247","page","type-page","status-publish","hentry"],"yoast_head":"<!-- This site is optimized with the Yoast SEO plugin v19.4 - https:\/\/yoast.com\/wordpress\/plugins\/seo\/ -->\n<title>Galerie INSPIRARE : nos s\u00e9jours et retraites sportives en images<\/title>\n<meta name=\"description\" content=\"Retour en photos et vid\u00e9os sur les s\u00e9jours sportifs, retraites sportives et Masterclass INSPIRARE organis\u00e9es en France et \u00e0 l&#039;\u00e9tranger.\" \/>\n<meta name=\"robots\" content=\"index, follow, max-snippet:-1, max-image-preview:large, max-video-preview:-1\" \/>\n<link rel=\"canonical\" href=\"https:\/\/inspirare.fr\/index.php\/galerie-inspirare\/\" \/>\n<meta property=\"og:locale\" content=\"fr_FR\" \/>\n<meta property=\"og:type\" content=\"article\" \/>\n<meta property=\"og:title\" content=\"Galerie INSPIRARE : nos s\u00e9jours et retraites sportives en images\" \/>\n<meta property=\"og:description\" content=\"Retour en photos et vid\u00e9os sur les s\u00e9jours sportifs, retraites sportives et Masterclass INSPIRARE organis\u00e9es en France et \u00e0 l&#039;\u00e9tranger.\" \/>\n<meta property=\"og:url\" content=\"https:\/\/inspirare.fr\/index.php\/galerie-inspirare\/\" \/>\n<meta property=\"og:site_name\" content=\"INSPIRARE\" \/>\n<meta property=\"article:modified_time\" content=\"2022-07-07T10:58:44+00:00\" \/>\n<meta property=\"og:image\" content=\"https:\/\/inspirare.fr\/wp-content\/uploads\/2022\/07\/IMG_4529-redim-768x1024.jpg\" \/>\n<meta name=\"twitter:card\" content=\"summary_large_image\" \/>\n<meta name=\"twitter:label1\" content=\"Dur\u00e9e de lecture estim\u00e9e\" \/>\n\t<meta name=\"twitter:data1\" content=\"1 minute\" \/>\n<script type=\"application\/ld+json\" class=\"yoast-schema-graph\">{\"@context\":\"https:\/\/schema.org\",\"@graph\":[{\"@type\":\"WebSite\",\"@id\":\"https:\/\/inspirare.fr\/#website\",\"url\":\"https:\/\/inspirare.fr\/\",\"name\":\"INSPIRARE\",\"description\":\"Upgrade adventures\",\"potentialAction\":[{\"@type\":\"SearchAction\",\"target\":{\"@type\":\"EntryPoint\",\"urlTemplate\":\"https:\/\/inspirare.fr\/?s={search_term_string}\"},\"query-input\":\"required name=search_term_string\"}],\"inLanguage\":\"fr-FR\"},{\"@type\":\"WebPage\",\"@id\":\"https:\/\/inspirare.fr\/index.php\/galerie-inspirare\/\",\"url\":\"https:\/\/inspirare.fr\/index.php\/galerie-inspirare\/\",\"name\":\"Galerie INSPIRARE : nos s\u00e9jours et retraites sportives en images\",\"isPartOf\":{\"@id\":\"https:\/\/inspirare.fr\/#website\"},\"datePublished\":\"2022-07-07T10:56:58+00:00\",\"dateModified\":\"2022-07-07T10:58:44+00:00\",\"description\":\"Retour en photos et vid\u00e9os sur les s\u00e9jours sportifs, retraites sportives et Masterclass INSPIRARE organis\u00e9es en France et \u00e0 l'\u00e9tranger.\",\"breadcrumb\":{\"@id\":\"https:\/\/inspirare.fr\/index.php\/galerie-inspirare\/#breadcrumb\"},\"inLanguage\":\"fr-FR\",\"potentialAction\":[{\"@type\":\"ReadAction\",\"target\":[\"https:\/\/inspirare.fr\/index.php\/galerie-inspirare\/\"]}]},{\"@type\":\"BreadcrumbList\",\"@id\":\"https:\/\/inspirare.fr\/index.php\/galerie-inspirare\/#breadcrumb\",\"itemListElement\":[{\"@type\":\"ListItem\",\"position\":1,\"name\":\"Accueil\",\"item\":\"https:\/\/inspirare.fr\/\"},{\"@type\":\"ListItem\",\"position\":2,\"name\":\"Galerie INSPIRARE\"}]}]}<\/script>\n<!-- \/ Yoast SEO plugin. -->","yoast_head_json":{"title":"Galerie INSPIRARE : nos s\u00e9jours et retraites sportives en images","description":"Retour en photos et vid\u00e9os sur les s\u00e9jours sportifs, retraites sportives et Masterclass INSPIRARE organis\u00e9es en France et \u00e0 l'\u00e9tranger.","robots":{"index":"index","follow":"follow","max-snippet":"max-snippet:-1","max-image-preview":"max-image-preview:large","max-video-preview":"max-video-preview:-1"},"canonical":"https:\/\/inspirare.fr\/index.php\/galerie-inspirare\/","og_locale":"fr_FR","og_type":"article","og_title":"Galerie INSPIRARE : nos s\u00e9jours et retraites sportives en images","og_description":"Retour en photos et vid\u00e9os sur les s\u00e9jours sportifs, retraites sportives et Masterclass INSPIRARE organis\u00e9es en France et \u00e0 l'\u00e9tranger.","og_url":"https:\/\/inspirare.fr\/index.php\/galerie-inspirare\/","og_site_name":"INSPIRARE","article_modified_time":"2022-07-07T10:58:44+00:00","og_image":[{"url":"https:\/\/inspirare.fr\/wp-content\/uploads\/2022\/07\/IMG_4529-redim-768x1024.jpg"}],"twitter_card":"summary_large_image","twitter_misc":{"Dur\u00e9e de lecture estim\u00e9e":"1 minute"},"schema":{"@context":"https:\/\/schema.org","@graph":[{"@type":"WebSite","@id":"https:\/\/inspirare.fr\/#website","url":"https:\/\/inspirare.fr\/","name":"INSPIRARE","description":"Upgrade adventures","potentialAction":[{"@type":"SearchAction","target":{"@type":"EntryPoint","urlTemplate":"https:\/\/inspirare.fr\/?s={search_term_string}"},"query-input":"required name=search_term_string"}],"inLanguage":"fr-FR"},{"@type":"WebPage","@id":"https:\/\/inspirare.fr\/index.php\/galerie-inspirare\/","url":"https:\/\/inspirare.fr\/index.php\/galerie-inspirare\/","name":"Galerie INSPIRARE : nos s\u00e9jours et retraites sportives en images","isPartOf":{"@id":"https:\/\/inspirare.fr\/#website"},"datePublished":"2022-07-07T10:56:58+00:00","dateModified":"2022-07-07T10:58:44+00:00","description":"Retour en photos et vid\u00e9os sur les s\u00e9jours sportifs, retraites sportives et Masterclass INSPIRARE organis\u00e9es en France et \u00e0 l'\u00e9tranger.","breadcrumb":{"@id":"https:\/\/inspirare.fr\/index.php\/galerie-inspirare\/#breadcrumb"},"inLanguage":"fr-FR","potentialAction":[{"@type":"ReadAction","target":["https:\/\/inspirare.fr\/index.php\/galerie-inspirare\/"]}]},{"@type":"BreadcrumbList","@id":"https:\/\/inspirare.fr\/index.php\/galerie-inspirare\/#breadcrumb","itemListElement":[{"@type":"ListItem","position":1,"name":"Accueil","item":"https:\/\/inspirare.fr\/"},{"@type":"ListItem","position":2,"name":"Galerie INSPIRARE"}]}]}},"featured_media_urls":[],"_links":{"self":[{"href":"https:\/\/inspirare.fr\/index.php\/wp-json\/wp\/v2\/pages\/1247","targetHints":{"allow":["GET"]}}],"collection":[{"href":"https:\/\/inspirare.fr\/index.php\/wp-json\/wp\/v2\/pages"}],"about":[{"href":"https:\/\/inspirare.fr\/index.php\/wp-json\/wp\/v2\/types\/page"}],"author":[{"embeddable":true,"href":"https:\/\/inspirare.fr\/index.php\/wp-json\/wp\/v2\/users\/2"}],"replies":[{"embeddable":true,"href":"https:\/\/inspirare.fr\/index.php\/wp-json\/wp\/v2\/comments?post=1247"}],"version-history":[{"count":27,"href":"https:\/\/inspirare.fr\/index.php\/wp-json\/wp\/v2\/pages\/1247\/revisions"}],"predecessor-version":[{"id":1340,"href":"https:\/\/inspirare.fr\/index.php\/wp-json\/wp\/v2\/pages\/1247\/revisions\/1340"}],"wp:attachment":[{"href":"https:\/\/inspirare.fr\/index.php\/wp-json\/wp\/v2\/media?parent=1247"}],"curies":[{"name":"wp","href":"https:\/\/api.w.org\/{rel}","templated":true}]}}